{"id":16,"date":"2025-07-05T09:58:16","date_gmt":"2025-07-05T09:58:16","guid":{"rendered":"https:\/\/webbly.fi\/?page_id=16"},"modified":"2025-07-29T10:43:33","modified_gmt":"2025-07-29T10:43:33","slug":"lounas","status":"publish","type":"page","link":"https:\/\/webbly.fi\/en\/lounas\/","title":{"rendered":"Lounas"},"content":{"rendered":"<div data-elementor-type=\"wp-page\" data-elementor-id=\"16\" class=\"elementor elementor-16\" data-elementor-post-type=\"page\">\n\t\t\t\t<div class=\"elementor-element elementor-element-3b09434 e-flex e-con-boxed e-con e-parent\" data-id=\"3b09434\" data-element_type=\"container\" data-e-type=\"container\">\n\t\t\t\t\t<div class=\"e-con-inner\">\n\t\t<div class=\"elementor-element elementor-element-594f15b e-con-full e-flex e-con e-child\" data-id=\"594f15b\" data-element_type=\"container\" data-e-type=\"container\" data-settings=\"{&quot;background_background&quot;:&quot;classic&quot;}\">\n\t\t<div class=\"elementor-element elementor-element-8323664 e-con-full e-flex e-con e-child\" data-id=\"8323664\" data-element_type=\"container\" data-e-type=\"container\">\n\t\t<div class=\"elementor-element elementor-element-568bdd0 e-con-full e-flex e-con e-child\" data-id=\"568bdd0\" data-element_type=\"container\" data-e-type=\"container\">\n\t\t\t\t<div class=\"elementor-element elementor-element-27ac55e elementor-widget elementor-widget-heading\" data-id=\"27ac55e\" data-element_type=\"widget\" data-e-type=\"widget\" data-widget_type=\"heading.default\">\n\t\t\t\t\t<h2 class=\"elementor-heading-title elementor-size-default\">LUNCH BUFFET<\/h2>\t\t\t\t<\/div>\n\t\t\t\t<div class=\"elementor-element elementor-element-76626e0 elementor-widget elementor-widget-heading\" data-id=\"76626e0\" data-element_type=\"widget\" data-e-type=\"widget\" data-widget_type=\"heading.default\">\n\t\t\t\t\t<h2 class=\"elementor-heading-title elementor-size-default\">VIIKKO 31 I 28.7.-1.8.2025<\/h2>\t\t\t\t<\/div>\n\t\t\t\t<div class=\"elementor-element elementor-element-3464c0c elementor-widget elementor-widget-heading\" data-id=\"3464c0c\" data-element_type=\"widget\" data-e-type=\"widget\" data-widget_type=\"heading.default\">\n\t\t\t\t\t<h2 class=\"elementor-heading-title elementor-size-default\">Weekdays from 10:30 AM to 3:00 PM<\/h2>\t\t\t\t<\/div>\n\t\t\t\t<div class=\"elementor-element elementor-element-0c63a89 elementor-widget-divider--view-line elementor-widget elementor-widget-divider\" data-id=\"0c63a89\" data-element_type=\"widget\" data-e-type=\"widget\" data-widget_type=\"divider.default\">\n\t\t\t\t\t\t\t<div class=\"elementor-divider\">\n\t\t\t<span class=\"elementor-divider-separator\">\n\t\t\t\t\t\t<\/span>\n\t\t<\/div>\n\t\t\t\t\t\t<\/div>\n\t\t\t\t<\/div>\n\t\t<div class=\"elementor-element elementor-element-3bf6200 e-con-full e-flex e-con e-child\" data-id=\"3bf6200\" data-element_type=\"container\" data-e-type=\"container\">\n\t\t\t\t<div class=\"elementor-element elementor-element-d954396 elementor-widget elementor-widget-text-editor\" data-id=\"d954396\" data-element_type=\"widget\" data-e-type=\"widget\" data-widget_type=\"text-editor.default\">\n\t\t\t\t\t\t\t\t\tOur lunch buffet features a plentiful salad bar with over ten different options. Every day, we serve eight rotating hot dishes, along with a pizza buffet and kebab. The buffet also includes a wide variety of sides, fresh bread, and dessert. The meal is completed with dessert and coffee or tea.\t\t\t\t\t\t\t\t<\/div>\n\t\t\t\t<div class=\"elementor-element elementor-element-d193584 elementor-widget-divider--view-line elementor-widget elementor-widget-divider\" data-id=\"d193584\" data-element_type=\"widget\" data-e-type=\"widget\" data-widget_type=\"divider.default\">\n\t\t\t\t\t\t\t<div class=\"elementor-divider\">\n\t\t\t<span class=\"elementor-divider-separator\">\n\t\t\t\t\t\t<\/span>\n\t\t<\/div>\n\t\t\t\t\t\t<\/div>\n\t\t<div class=\"elementor-element elementor-element-4fecc68 e-con-full e-flex e-con e-child\" data-id=\"4fecc68\" data-element_type=\"container\" data-e-type=\"container\">\n\t\t\t\t<div class=\"elementor-element elementor-element-835ab83 elementor-widget elementor-widget-heading\" data-id=\"835ab83\" data-element_type=\"widget\" data-e-type=\"widget\" data-widget_type=\"heading.default\">\n\t\t\t\t\t<h2 class=\"elementor-heading-title elementor-size-default\">PRICES<\/h2>\t\t\t\t<\/div>\n\t\t\t\t<div class=\"elementor-element elementor-element-c6c4361 elementor-widget elementor-widget-heading\" data-id=\"c6c4361\" data-element_type=\"widget\" data-e-type=\"widget\" data-widget_type=\"heading.default\">\n\t\t\t\t\t<p class=\"elementor-heading-title elementor-size-default\">Normaalihinta\u00a0<strong>13,90 \u20ac<\/strong><br>\nEl\u00e4kel\u00e4iset\u00a0<strong>12,90 \u20ac<\/strong><br>\nLapset alle 10 vuotta:\u00a0<strong>1 \u20ac \/ ik\u00e4vuosi<\/strong><\/p>\t\t\t\t<\/div>\n\t\t\t\t<\/div>\n\t\t\t\t<div class=\"elementor-element elementor-element-c1f7d90 elementor-widget-divider--view-line elementor-widget elementor-widget-divider\" data-id=\"c1f7d90\" data-element_type=\"widget\" data-e-type=\"widget\" data-widget_type=\"divider.default\">\n\t\t\t\t\t\t\t<div class=\"elementor-divider\">\n\t\t\t<span class=\"elementor-divider-separator\">\n\t\t\t\t\t\t<\/span>\n\t\t<\/div>\n\t\t\t\t\t\t<\/div>\n\t\t\t\t<\/div>\n\t\t\t\t<div class=\"elementor-element elementor-element-fb1f21f elementor-widget elementor-widget-html\" data-id=\"fb1f21f\" data-element_type=\"widget\" data-e-type=\"widget\" data-widget_type=\"html.default\">\n\t\t\t\t\t<section class=\"lounasbuffet26\">\r\n  <div class=\"day\">\r\n    <h2>MAANANTAI<\/h2>\r\n    <ul>\r\n      <li>Naudan pihvit, dijonkastike (L, G)<\/li>\r\n      <li>Katkaraput\u00e4ytteiset uuniperunat (L)<\/li>\r\n      <li>Kievikana, valkosipulikastike (L)<\/li>\r\n    <\/ul>\r\n  <\/div>\r\n\r\n  <div class=\"day\">\r\n    <h2>TIISTAI<\/h2>\r\n    <ul>\r\n      <li>Pyttipannu (L)<\/li>\r\n      <li>Broilerileike, smetanakastike (L)<\/li>\r\n      <li>It\u00e4maista lammasta (L, G)<\/li>\r\n    <\/ul>\r\n  <\/div>\r\n\r\n  <div class=\"day\">\r\n    <h2>KESKIVIIKKO<\/h2>\r\n    <ul>\r\n      <li>Kanapolka tikka masala (L, G)<\/li>\r\n      <li>Lihapullia, kermapippurikastike & puolukkahillo (L)<\/li>\r\n      <li>Payala (L, G)<\/li>\r\n    <\/ul>\r\n  <\/div>\r\n\r\n  <div class=\"day\">\r\n    <h2>TORSTAI<\/h2>\r\n    <ul>\r\n      <li>Moussaka (L, G)<\/li>\r\n      <li>Tuliset kanansiivet (L, G)<\/li>\r\n      <li>Porsaanleike, sienikastike (L, G)<\/li>\r\n    <\/ul>\r\n  <\/div>\r\n\r\n  <div class=\"day\">\r\n    <h2>PERJANTAI<\/h2>\r\n    <ul>\r\n      <li>Paistettua kirjolohta ja kananmunakastike (L, G)<\/li>\r\n      <li>Wienerleike (L)<\/li>\r\n      <li>Broileripata (L, G)<\/li>\r\n    <\/ul>\r\n  <\/div>\r\n<\/section>\r\n\t\t\t\t<\/div>\n\t\t\t\t<\/div>\n\t\t\t\t<\/div>\n\t\t\t\t\t<\/div>\n\t\t\t\t<\/div>\n\t\t\t\t<\/div>","protected":false},"excerpt":{"rendered":"<p>LOUNASBUFFET VIIKKO 31 I 28.7.-1.8.2025 Arkisin klo 10.30\u201315.00 Lounasbuffetimme koostuu runsaasta salaattip\u00f6yd\u00e4st\u00e4, jossa on yli kymmenen erilaista vaihtoehtoa. P\u00e4ivitt\u00e4in tarjoamme kahdeksan vaihtuvaa l\u00e4mmint\u00e4 ruokaa sek\u00e4 pizzabuffetin ja kebabin. Buffetista l\u00f6yd\u00e4t my\u00f6s laajan lisukevalikoiman, tuoretta leip\u00e4\u00e4 sek\u00e4 j\u00e4lkiruoan. Aterian t\u00e4ydent\u00e4v\u00e4t j\u00e4lkiruoka, kahvi\/tee. HINNAT Normaalihinta\u00a013,90 \u20ac El\u00e4kel\u00e4iset\u00a012,90 \u20ac Lapset alle 10 vuotta:\u00a01 \u20ac \/ ik\u00e4vuosi MAANANTAI Naudan [&hellip;]<\/p>","protected":false},"author":1,"featured_media":0,"parent":0,"menu_order":0,"comment_status":"closed","ping_status":"closed","template":"","meta":{"footnotes":""},"class_list":["post-16","page","type-page","status-publish","hentry"],"_links":{"self":[{"href":"https:\/\/webbly.fi\/en\/wp-json\/wp\/v2\/pages\/16","targetHints":{"allow":["GET"]}}],"collection":[{"href":"https:\/\/webbly.fi\/en\/wp-json\/wp\/v2\/pages"}],"about":[{"href":"https:\/\/webbly.fi\/en\/wp-json\/wp\/v2\/types\/page"}],"author":[{"embeddable":true,"href":"https:\/\/webbly.fi\/en\/wp-json\/wp\/v2\/users\/1"}],"replies":[{"embeddable":true,"href":"https:\/\/webbly.fi\/en\/wp-json\/wp\/v2\/comments?post=16"}],"version-history":[{"count":3,"href":"https:\/\/webbly.fi\/en\/wp-json\/wp\/v2\/pages\/16\/revisions"}],"predecessor-version":[{"id":7089,"href":"https:\/\/webbly.fi\/en\/wp-json\/wp\/v2\/pages\/16\/revisions\/7089"}],"wp:attachment":[{"href":"https:\/\/webbly.fi\/en\/wp-json\/wp\/v2\/media?parent=16"}],"curies":[{"name":"wp","href":"https:\/\/api.w.org\/{rel}","templated":true}]}}